{"id":5481,"date":"2023-09-15T04:28:56","date_gmt":"2023-09-15T02:28:56","guid":{"rendered":"http:\/\/homedotacioneskadosh.innovardotaciones.com\/?post_type=product&#038;p=5481"},"modified":"2023-09-15T04:46:39","modified_gmt":"2023-09-15T02:46:39","slug":"chalecos","status":"publish","type":"product","link":"https:\/\/homedotacioneskadosh.innovardotaciones.com\/index.php\/producto\/chalecos\/","title":{"rendered":"Chalecos"},"content":{"rendered":"<p>Los chalecos fabricados en gabardina son prendas vers\u00e1tiles y elegantes que ofrecen una combinaci\u00f3n de estilo y funcionalidad. La gabardina es un tejido resistente y duradero que se utiliza com\u00fanmente en la confecci\u00f3n de ropa de vestir y uniformes debido a su capacidad para mantener su forma y su acabado suave y pulido.<\/p>\n","protected":false},"excerpt":{"rendered":"<p>Los chalecos de gabardina suelen presentar un dise\u00f1o cl\u00e1sico con cierre de botones en la parte frontal y un ajuste ce\u00f1ido que realza la figura<\/p>\n","protected":false},"featured_media":5482,"comment_status":"open","ping_status":"closed","template":"","meta":{"site-sidebar-layout":"default","site-content-layout":"","ast-site-content-layout":"default","site-content-style":"default","site-sidebar-style":"default","ast-global-header-display":"","ast-banner-title-visibility":"","ast-main-header-display":"","ast-hfb-above-header-display":"","ast-hfb-below-header-display":"","ast-hfb-mobile-header-display":"","site-post-title":"","ast-breadcrumbs-content":"","ast-featured-img":"","footer-sml-layout":"","theme-transparent-header-meta":"default","adv-header-id-meta":"","stick-header-meta":"","header-above-stick-meta":"","header-main-stick-meta":"","header-below-stick-meta":"","astra-migrate-meta-layouts":"set"},"product_cat":[33],"product_tag":[34,35],"_links":{"self":[{"href":"https:\/\/homedotacioneskadosh.innovardotaciones.com\/index.php\/wp-json\/wp\/v2\/product\/5481"}],"collection":[{"href":"https:\/\/homedotacioneskadosh.innovardotaciones.com\/index.php\/wp-json\/wp\/v2\/product"}],"about":[{"href":"https:\/\/homedotacioneskadosh.innovardotaciones.com\/index.php\/wp-json\/wp\/v2\/types\/product"}],"replies":[{"embeddable":true,"href":"https:\/\/homedotacioneskadosh.innovardotaciones.com\/index.php\/wp-json\/wp\/v2\/comments?post=5481"}],"wp:featuredmedia":[{"embeddable":true,"href":"https:\/\/homedotacioneskadosh.innovardotaciones.com\/index.php\/wp-json\/wp\/v2\/media\/5482"}],"wp:attachment":[{"href":"https:\/\/homedotacioneskadosh.innovardotaciones.com\/index.php\/wp-json\/wp\/v2\/media?parent=5481"}],"wp:term":[{"taxonomy":"product_cat","embeddable":true,"href":"https:\/\/homedotacioneskadosh.innovardotaciones.com\/index.php\/wp-json\/wp\/v2\/product_cat?post=5481"},{"taxonomy":"product_tag","embeddable":true,"href":"https:\/\/homedotacioneskadosh.innovardotaciones.com\/index.php\/wp-json\/wp\/v2\/product_tag?post=5481"}],"curies":[{"name":"wp","href":"https:\/\/api.w.org\/{rel}","templated":true}]}}